{"id":10,"date":"2025-01-18T18:56:05","date_gmt":"2025-01-18T18:56:05","guid":{"rendered":"https:\/\/tremdavale.org\/?page_id=10"},"modified":"2025-10-10T11:57:00","modified_gmt":"2025-10-10T11:57:00","slug":"faqfaq","status":"publish","type":"page","link":"https:\/\/tremdavale.org\/pt\/contato\/faqfaq\/","title":{"rendered":"FAQ"},"content":{"rendered":"<dl class='item-wrapper'>\n<dt class='item-title' title='Mostrar as informa\u00e7\u00f5es' id='item-64'>O que \u00e9 o Trem da Vale?&nbsp;<span title=\"Mostrar as informa\u00e7\u00f5es\">[+]<\/span><\/dt>\n<dd>\n<p>&nbsp;<\/p>\n<p>\u00c9 um Programa de Educa\u00e7\u00e3o Patrimonial que compreende um conjunto estruturado, diversificado e integrado de a\u00e7\u00f5es de impacto, voltadas tanto para o campo da educa\u00e7\u00e3o patrimonial quanto para a\u00e7\u00f5es que promovam o incremento da atividade tur\u00edstica na regi\u00e3o de Ouro Preto e Mariana.<\/p>\n<p>Para isso, o Trem da Vale revitalizou o trecho ferrovi\u00e1rio, com 18 quil\u00f4metros de extens\u00e3o, que liga a cidade de Ouro Preto a Mariana, e rep\u00f4s em circula\u00e7\u00e3o uma composi\u00e7\u00e3o puxada pela tradicional Maria-Fuma\u00e7a. As quatro esta\u00e7\u00f5es do percurso \u2013 Ouro Preto, Vitorino Dias, Passagem de Mariana e Mariana \u2013 foram restauradas e receberam melhorias.<\/p>\n<p>&nbsp;<\/p>\n<\/dd>\n<\/dl>\n<dl class='item-wrapper'>\n<dt class='item-title' title='Mostrar as informa\u00e7\u00f5es' id='item-841'>Qual o n\u00famero total de p\u00fablico atendido pelo programa?&nbsp;<span title=\"Mostrar as informa\u00e7\u00f5es\">[+]<\/span><\/dt>\n<dd>\n<p>&nbsp;<\/p>\n<p>Desde a inaugura\u00e7\u00e3o at\u00e9 dezembro de 2012, o Programa de Educa\u00e7\u00e3o Patrimonial Trem da Vale atendeu, por meio de seus cursos, oficinas, eventos e demais atividades, al\u00e9m da viagem de trem e a visita aos espa\u00e7os culturais das esta\u00e7\u00f5es, um p\u00fablico em torno de 961 mil pessoas, al\u00e9m de empregar diretamente cerca de 100 profissionais.<\/p>\n<p>Todos interagindo direta ou indiretamente com as a\u00e7\u00f5es do Programa, que se baseia na promo\u00e7\u00e3o do legado hist\u00f3rico-cultural das cidades da regi\u00e3o.<\/p>\n<p>&nbsp;<\/p>\n<\/dd>\n<\/dl>\n<dl class='item-wrapper'>\n<dt class='item-title' title='Mostrar as informa\u00e7\u00f5es' id='item-966'>Quais s\u00e3o as esta\u00e7\u00f5es do percurso do Trem da Vale?&nbsp;<span title=\"Mostrar as informa\u00e7\u00f5es\">[+]<\/span><\/dt>\n<dd>\n<p>&nbsp;<\/p>\n<p>As esta\u00e7\u00f5es do percurso s\u00e3o: Ouro Preto, Vitorino Dias, Passagem de Mariana e Mariana. No entanto, a parada \u00e9 somente nas Esta\u00e7\u00f5es de Ouro Preto e Mariana.<\/p>\n<p>&nbsp;<\/p>\n<\/dd>\n<\/dl>\n<dl class='item-wrapper'>\n<dt class='item-title' title='Mostrar as informa\u00e7\u00f5es' id='item-1235'>Por que Mariana e Ouro Preto foram as cidades escolhidas?&nbsp;<span title=\"Mostrar as informa\u00e7\u00f5es\">[+]<\/span><\/dt>\n<dd>\n<p>&nbsp;<\/p>\n<p>Ouro Preto foi escolhida por ser cidade Patrim\u00f4nio da Humanidade e Mariana, a primeira capital do Estado. Ambas tiveram papel relevante na forma\u00e7\u00e3o da identidade brasileira.<\/p>\n<p>&nbsp;<\/p>\n<\/dd>\n<\/dl>\n<dl class='item-wrapper'>\n<dt class='item-title' title='Mostrar as informa\u00e7\u00f5es' id='item-4357'>O programa Trem da Vale \u00e9 conduzido por quem? &nbsp;<span title=\"Mostrar as informa\u00e7\u00f5es\">[+]<\/span><\/dt>\n<dd>\n<p>&nbsp;<\/p>\n<p>O Programa de Educa\u00e7\u00e3o Patrimonial Trem da Vale \u00e9 uma iniciativa da Funda\u00e7\u00e3o Vale, realizado em parceria com a Ferrovia Centro-Atl\u00e2ntica (FCA), formatado, planejado e executado pelo Santa Rosa Bureau Cultural. O Trem da Vale conta com o apoio do Minist\u00e9rio da Cultura, por meio da Lei Federal de Incentivo \u00e0 Cultura, das Prefeituras de Mariana e Ouro Preto, da Universidade Federal de Ouro Preto (UFOP) e da Associa\u00e7\u00e3o Brasileira de Preserva\u00e7\u00e3o Ferrovi\u00e1ria (ABPF).<\/p>\n<p>&nbsp;<\/p>\n<\/dd>\n<\/dl>\n<dl class='item-wrapper'>\n<dt class='item-title' title='Mostrar as informa\u00e7\u00f5es' id='item-6132'>O que \u00e9 a Funda\u00e7\u00e3o Vale? &nbsp;<span title=\"Mostrar as informa\u00e7\u00f5es\">[+]<\/span><\/dt>\n<dd>\n<p>&nbsp;<\/p>\n<p>A Funda\u00e7\u00e3o Vale trabalha pelo desenvolvimento das comunidades onde est\u00e1 presente, contribuindo para fortalecer as pessoas e respeitando as identidades culturais locais.<\/p>\n<p>&nbsp;<\/p>\n<\/dd>\n<\/dl>\n<dl class='item-wrapper'>\n<dt class='item-title' title='Mostrar as informa\u00e7\u00f5es' id='item-11695'>Quando o programa Trem da Vale foi inaugurado? &nbsp;<span title=\"Mostrar as informa\u00e7\u00f5es\">[+]<\/span><\/dt>\n<dd>\n<p>&nbsp;<\/p>\n<p>O Programa Trem da Vale foi inaugurado em 5 de maio de 2006.<\/p>\n<p>&nbsp;<\/p>\n<\/dd>\n<\/dl>\n<dl class='item-wrapper'>\n<dt class='item-title' title='Mostrar as informa\u00e7\u00f5es' id='item-7451'>Qual \u00e9 o hor\u00e1rio de funcionamento do trem? &nbsp;<span title=\"Mostrar as informa\u00e7\u00f5es\">[+]<\/span><\/dt>\n<dd>\n<p>&nbsp;<\/p>\n<p>As viagens de trem acontecem sextas, s\u00e1bados e domingos, nos seguintes hor\u00e1rios:<\/p>\n<p><span style=\"text-decoration: underline;\">Embarque de Mariana<\/span>:<\/p>\n<p>Sexta e s\u00e1bado: 13h e 16h.<\/p>\n<p>Somente aos Domingos: 11h30 e 15h.<\/p>\n<p><span style=\"text-decoration: underline;\">Embarque de Ouro Preto<\/span>:<\/p>\n<p>Sexta e s\u00e1bado: &nbsp;10h e 14h30.<\/p>\n<p>Somente aos Domingos: 10h, 13h30&nbsp;<span>e 16h30.<\/span><\/p>\n<p>&nbsp;<\/p>\n<\/dd>\n<\/dl>\n<dl class='item-wrapper'>\n<dt class='item-title' title='Mostrar as informa\u00e7\u00f5es' id='item-4445'>Qual \u00e9 o tempo de dura\u00e7\u00e3o das viagens? &nbsp;<span title=\"Mostrar as informa\u00e7\u00f5es\">[+]<\/span><\/dt>\n<dd>\n<p>&nbsp;<\/p>\n<p>As viagens t\u00eam dura\u00e7\u00e3o aproximada de uma hora.<\/p>\n<p>&nbsp;<\/p>\n<\/dd>\n<\/dl>\n<dl class='item-wrapper'>\n<dt class='item-title' title='Mostrar as informa\u00e7\u00f5es' id='item-14709'>Qual \u00e9 o pre\u00e7o dos bilhetes? &nbsp;<span title=\"Mostrar as informa\u00e7\u00f5es\">[+]<\/span><\/dt>\n<dd>\n<p>&nbsp;<\/p>\n<p><span style=\"text-decoration: underline;\">Vag\u00e3o convencional<\/span>:<\/p>\n<p>Inteira: R$40,00 ida e R$50,00 ida e volta.<\/p>\n<p>Meia: R$ 20,00 ida e R$ 25,00 ida e volta.<\/p>\n<p><span style=\"text-decoration: underline;\">Vag\u00e3o panor\u00e2mico<\/span>:<\/p>\n<p>R$60,00 ida e R$80,00 ida e volta.<\/p>\n<p>&nbsp;<\/p>\n<\/dd>\n<\/dl>\n<dl class='item-wrapper'>\n<dt class='item-title' title='Mostrar as informa\u00e7\u00f5es' id='item-19927'>Crian\u00e7as tamb\u00e9m pagam para andar no Trem da Vale?&nbsp;<span title=\"Mostrar as informa\u00e7\u00f5es\">[+]<\/span><\/dt>\n<dd>\n<p>&nbsp;<\/p>\n<p>Crian\u00e7as de at\u00e9 5 anos, no colo, n\u00e3o pagam. Crian\u00e7as de 6 a 10 anos pagam meia tarifa.<\/p>\n<p>&nbsp;<\/p>\n<\/dd>\n<\/dl>\n<dl class='item-wrapper'>\n<dt class='item-title' title='Mostrar as informa\u00e7\u00f5es' id='item-4659'>Quem paga meia tarifa para andar no Trem da Vale? &nbsp;<span title=\"Mostrar as informa\u00e7\u00f5es\">[+]<\/span><\/dt>\n<dd>\n<p>&nbsp;<\/p>\n<p>Crian\u00e7as de 6 a 10 anos, adultos a partir de 60 anos e estudantes, mediante a apresenta\u00e7\u00e3o da carteira de estudante v\u00e1lida.<\/p>\n<p>&nbsp;<\/p>\n<\/dd>\n<\/dl>\n<dl class='item-wrapper'>\n<dt class='item-title' title='Mostrar as informa\u00e7\u00f5es' id='item-14824'>H\u00e1 algum benef\u00edcio para as ag\u00eancias de viagens?&nbsp;<span title=\"Mostrar as informa\u00e7\u00f5es\">[+]<\/span><\/dt>\n<dd>\n<p>&nbsp;<\/p>\n<p><span>O guia tur\u00edstico credenciado pela Embratur, pela Agtop e pela Agturb, apresentando carteira dentro da validade, tem direito a uma cortesia. Cada grupo de 30 pessoas tamb\u00e9m tem direito a um bilhete de cortesia.<\/span><\/p>\n<p>&nbsp;<\/p>\n<\/dd>\n<\/dl>\n<dl class='item-wrapper'>\n<dt class='item-title' title='Mostrar as informa\u00e7\u00f5es' id='item-12855'>H\u00e1 algum benef\u00edcio para os guias de turismo?&nbsp;<span title=\"Mostrar as informa\u00e7\u00f5es\">[+]<\/span><\/dt>\n<dd>\n<p>&nbsp;<\/p>\n<p>O guia tur\u00edstico credenciado pela Embratur, pela Agtop e pela Agturb, apresentando carteira dentro da validade, tem direito a uma cortesia.<\/p>\n<p>&nbsp;<\/p>\n<\/dd>\n<\/dl>\n<dl class='item-wrapper'>\n<dt class='item-title' title='Mostrar as informa\u00e7\u00f5es' id='item-19136'>\u00c9 poss\u00edvel fazer reservas para a viagem do Trem da Vale?&nbsp;<span title=\"Mostrar as informa\u00e7\u00f5es\">[+]<\/span><\/dt>\n<dd>\n<p>&nbsp;<\/p>\n<p>As reservas s\u00e3o para grupos acima de 10 pessoas. Ligue para (31) 3557- 3844 e fa\u00e7a o agendamento. Os bilhetes dever\u00e3o ser adquiridos 30 minutos antes da partida do trem.<\/p>\n<p>&nbsp;<\/p>\n<\/dd>\n<\/dl>\n<dl class='item-wrapper'>\n<dt class='item-title' title='Mostrar as informa\u00e7\u00f5es' id='item-4940'>O programa Trem da Vale prev\u00ea a distribui\u00e7\u00e3o de passagens gratuitas?&nbsp;<span title=\"Mostrar as informa\u00e7\u00f5es\">[+]<\/span><\/dt>\n<dd>\n<p>&nbsp;<\/p>\n<p>\u00c0s quintas-feiras, s\u00e3o destinados bilhetes gratuitos para alunos de escolas p\u00fablicas de Ouro Preto e de Mariana, participantes das atividades do Programa de Educa\u00e7\u00e3o Patrimonial, e a grupos das comunidades da regi\u00e3o,&nbsp;que podem se inscrever no&nbsp;Circuito Comunidade.&nbsp;O agendamento para o Circuito Comunidade pode ser realizado pelo telefone: 31-35517310.<\/p>\n<p>&nbsp;<\/p>\n<\/dd>\n<\/dl>\n<dl class='item-wrapper'>\n<dt class='item-title' title='Mostrar as informa\u00e7\u00f5es' id='item-20541'>H\u00e1 desconto no valor da passagem para empregados e aposentados? &nbsp;<span title=\"Mostrar as informa\u00e7\u00f5es\">[+]<\/span><\/dt>\n<dd>\n<p>&nbsp;<\/p>\n<p>Os empregados da Vale, da Funda\u00e7\u00e3o Vale e da Ferrovia Centro-Atl\u00e2ntica e seus dependentes diretos pagar\u00e3o 50% do valor do bilhete.<\/p>\n<ul>\n<li>A compra desses bilhetes dever\u00e1 ser feita diretamente nas bilheterias das esta\u00e7\u00f5es.<\/li>\n<li>O empregado e seus dependentes dever\u00e3o apresentar a carteira de identidade e o cart\u00e3o AMS.<\/li>\n<\/ul>\n<p>&nbsp;<\/p>\n<\/dd>\n<\/dl>\n<dl class='item-wrapper'>\n<dt class='item-title' title='Mostrar as informa\u00e7\u00f5es' id='item-28805'>H\u00e1 algum benef\u00edcio para a imprensa? &nbsp;<span title=\"Mostrar as informa\u00e7\u00f5es\">[+]<\/span><\/dt>\n<dd>\n<p>&nbsp;<\/p>\n<p>A concess\u00e3o de bilhetes cortesia para profissionais da imprensa ficar\u00e1 sob a responsabilidade da Assessoria de Imprensa da Vale. As solicita\u00e7\u00f5es devem ser encaminhadas a Maria Clara (<a href=\"\">luciana.santos@vale.com<\/a>).<\/p>\n<p>&nbsp;<\/p>\n<\/dd>\n<\/dl>\n<dl class='item-wrapper'>\n<dt class='item-title' title='Mostrar as informa\u00e7\u00f5es' id='item-17800'>H\u00e1 algum benef\u00edcio para autoridades (Poder p\u00fablico, ensino, etc)?&nbsp;<span title=\"Mostrar as informa\u00e7\u00f5es\">[+]<\/span><\/dt>\n<dd>\n<p>&nbsp;<\/p>\n<p>Todas as solicita\u00e7\u00f5es de cortesias dessa natureza devem ser encaminhadas a Maria Clara (<a href=\"\">luciana.santos@vale.com<\/a>).<\/p>\n<p>&nbsp;<\/p>\n<\/dd>\n<\/dl>\n<dl class='item-wrapper'>\n<dt class='item-title' title='Mostrar as informa\u00e7\u00f5es' id='item-24072'>Como funciona o Programa de Educa\u00e7\u00e3o Patrimonial Trem da Vale? &nbsp;<span title=\"Mostrar as informa\u00e7\u00f5es\">[+]<\/span><\/dt>\n<dd>\n<p>&nbsp;<\/p>\n<p>O Programa de Educa\u00e7\u00e3o Patrimonial do Trem da Vale visa contribuir para a valoriza\u00e7\u00e3o do patrim\u00f4nio hist\u00f3rico, cultural e social do Estado de Minas Gerais e para a constru\u00e7\u00e3o da identidade e a consolida\u00e7\u00e3o de valores com base na cidadania e na educa\u00e7\u00e3o. Os programas educativos e culturais foram desenhados para promover a\u00e7\u00f5es consistentes de inclus\u00e3o social e cultural. Os programas s\u00e3o:<\/p>\n<p><strong>Vale Conhecer<\/strong><\/p>\n<p>Conjunto de a\u00e7\u00f5es voltadas para a preserva\u00e7\u00e3o, que se inserem num processo de aprendizagem dos conceitos de educa\u00e7\u00e3o patrimonial, cultural e natural, via professores ou alunos, visando \u00e0 incorpora\u00e7\u00e3o de uma s\u00e9rie de valores necess\u00e1rios ao desencadeamento de a\u00e7\u00f5es individuais e\/ou coletivas de preserva\u00e7\u00e3o dos bens culturais e naturais. Fazem parte do Vale Conhecer: a Educa\u00e7\u00e3o Patrimonial para a Comunidade Escolar e seus desdobramentos; e a Forma\u00e7\u00e3o em Diferentes \u00c1reas e Perspectivas,&nbsp;que inclui, por exemplo,&nbsp;o Plano de Incentivo \u00e0 Leitura, na Biblioteca da Esta\u00e7\u00e3o de Mariana.<\/p>\n<p><strong>Vale Promover<\/strong><\/p>\n<p>Divulga\u00e7\u00e3o do patrim\u00f4nio da regi\u00e3o, em todos os seus aspectos, ressaltando as riquezas e as voca\u00e7\u00f5es locais, com base na cria\u00e7\u00e3o de diversificados instrumentos informativos, educativos e interpretativos do patrim\u00f4nio cultural e natural, tais como os Circuitos Diferenciados, a Dinamiza\u00e7\u00e3o nas Esta\u00e7\u00f5es e no Trem, a Forma\u00e7\u00e3o e o Desenvolvimento de Equipe e a Produ\u00e7\u00e3o Editorial Educativa.<\/p>\n<p><strong>Vale Registrar<\/strong><\/p>\n<p>Subprograma de hist\u00f3ria oral nas esta\u00e7\u00f5es de Mariana e Ouro Preto, voltado para a coleta e a dissemina\u00e7\u00e3o de depoimentos sobre hist\u00f3rias de vida relacionadas, na primeira fase, aos temas centrais do programa: ferrovia e minera\u00e7\u00e3o. Al\u00e9m de salas de depoimentos, o Vale Registrar prev\u00ea espa\u00e7os para a conviv\u00eancia intergeracional, nos quais pessoas de diferentes idades podem trocar experi\u00eancias e mem\u00f3rias sobre a regi\u00e3o e seu patrim\u00f4nio.<\/p>\n<p>&nbsp;<\/p>\n<\/dd>\n<\/dl>\n<dl class='item-wrapper'>\n<dt class='item-title' title='Mostrar as informa\u00e7\u00f5es' id='item-39577'>Como posso obter mais informa\u00e7\u00f5es sobre o Programa?&nbsp;<span title=\"Mostrar as informa\u00e7\u00f5es\">[+]<\/span><\/dt>\n<dd>\n<p>&nbsp;<\/p>\n<p>Navegue no site e obtenha mais informa\u00e7\u00f5es sobre o Programa de Educa\u00e7\u00e3o Patrimonial Trem da Vale.<\/p>\n<p>&nbsp;<\/p>\n<\/dd>\n<\/dl>\n<p>&nbsp;<\/p>\n","protected":false},"excerpt":{"rendered":"<p>O que \u00e9 o Trem da Vale?&nbsp;[+] &nbsp; \u00c9 um Programa de Educa\u00e7\u00e3o Patrimonial que compreende um conjunto estruturado, diversificado e integrado de a\u00e7\u00f5es de impacto, voltadas tanto para o campo da educa\u00e7\u00e3o patrimonial quanto para a\u00e7\u00f5es que promovam o incremento da atividade tur\u00edstica na regi\u00e3o de Ouro Preto e &hellip;<\/p>\n","protected":false},"author":1,"featured_media":0,"parent":3,"menu_order":0,"comment_status":"closed","ping_status":"closed","template":"","meta":{"footnotes":""},"class_list":["post-10","page","type-page","status-publish","hentry"],"yoast_head":"<!-- This site is optimized with the Yoast SEO plugin v26.1.1 - https:\/\/yoast.com\/wordpress\/plugins\/seo\/ -->\n<title>FAQ &#8212; Trem da Vale<\/title>\n<meta name=\"robots\" content=\"index, follow, max-snippet:-1, max-image-preview:large, max-video-preview:-1\" \/>\n<link rel=\"canonical\" href=\"https:\/\/tremdavale.org\/pt\/contato\/faqfaq\/\" \/>\n<meta property=\"og:locale\" content=\"pt_PT\" \/>\n<meta property=\"og:type\" content=\"article\" \/>\n<meta property=\"og:title\" content=\"FAQ &#8212; Trem da Vale\" \/>\n<meta property=\"og:description\" content=\"O que \u00e9 o Trem da Vale?&nbsp;[+] &nbsp; \u00c9 um Programa de Educa\u00e7\u00e3o Patrimonial que compreende um conjunto estruturado, diversificado e integrado de a\u00e7\u00f5es de impacto, voltadas tanto para o campo da educa\u00e7\u00e3o patrimonial quanto para a\u00e7\u00f5es que promovam o incremento da atividade tur\u00edstica na regi\u00e3o de Ouro Preto e &hellip;\" \/>\n<meta property=\"og:url\" content=\"https:\/\/tremdavale.org\/pt\/contato\/faqfaq\/\" \/>\n<meta property=\"og:site_name\" content=\"Trem da Vale\" \/>\n<meta property=\"article:modified_time\" content=\"2025-10-10T11:57:00+00:00\" \/>\n<meta name=\"twitter:card\" content=\"summary_large_image\" \/>\n<meta name=\"twitter:label1\" content=\"Tempo estimado de leitura\" \/>\n\t<meta name=\"twitter:data1\" content=\"7 minutos\" \/>\n<script type=\"application\/ld+json\" class=\"yoast-schema-graph\">{\"@context\":\"https:\/\/schema.org\",\"@graph\":[{\"@type\":\"WebPage\",\"@id\":\"https:\/\/tremdavale.org\/pt\/contato\/faqfaq\/\",\"url\":\"https:\/\/tremdavale.org\/pt\/contato\/faqfaq\/\",\"name\":\"FAQ &#8212; Trem da Vale\",\"isPartOf\":{\"@id\":\"https:\/\/tremdavale.org\/pt\/#website\"},\"datePublished\":\"2025-01-18T18:56:05+00:00\",\"dateModified\":\"2025-10-10T11:57:00+00:00\",\"breadcrumb\":{\"@id\":\"https:\/\/tremdavale.org\/pt\/contato\/faqfaq\/#breadcrumb\"},\"inLanguage\":\"pt-PT\",\"potentialAction\":[{\"@type\":\"ReadAction\",\"target\":[\"https:\/\/tremdavale.org\/pt\/contato\/faqfaq\/\"]}]},{\"@type\":\"BreadcrumbList\",\"@id\":\"https:\/\/tremdavale.org\/pt\/contato\/faqfaq\/#breadcrumb\",\"itemListElement\":[{\"@type\":\"ListItem\",\"position\":1,\"name\":\"In\u00edcio\",\"item\":\"https:\/\/tremdavale.org\/pt\/\"},{\"@type\":\"ListItem\",\"position\":2,\"name\":\"Contato\",\"item\":\"https:\/\/tremdavale.org\/pt\/contato\/\"},{\"@type\":\"ListItem\",\"position\":3,\"name\":\"FAQ\"}]},{\"@type\":\"WebSite\",\"@id\":\"https:\/\/tremdavale.org\/pt\/#website\",\"url\":\"https:\/\/tremdavale.org\/pt\/\",\"name\":\"Trem da Vale\",\"description\":\"Programa de Educa\u00e7\u00e3o Patrimonial\",\"potentialAction\":[{\"@type\":\"SearchAction\",\"target\":{\"@type\":\"EntryPoint\",\"urlTemplate\":\"https:\/\/tremdavale.org\/pt\/?s={search_term_string}\"},\"query-input\":{\"@type\":\"PropertyValueSpecification\",\"valueRequired\":true,\"valueName\":\"search_term_string\"}}],\"inLanguage\":\"pt-PT\"}]}<\/script>\n<!-- \/ Yoast SEO plugin. -->","yoast_head_json":{"title":"FAQ &#8212; Trem da Vale","robots":{"index":"index","follow":"follow","max-snippet":"max-snippet:-1","max-image-preview":"max-image-preview:large","max-video-preview":"max-video-preview:-1"},"canonical":"https:\/\/tremdavale.org\/pt\/contato\/faqfaq\/","og_locale":"pt_PT","og_type":"article","og_title":"FAQ &#8212; Trem da Vale","og_description":"O que \u00e9 o Trem da Vale?&nbsp;[+] &nbsp; \u00c9 um Programa de Educa\u00e7\u00e3o Patrimonial que compreende um conjunto estruturado, diversificado e integrado de a\u00e7\u00f5es de impacto, voltadas tanto para o campo da educa\u00e7\u00e3o patrimonial quanto para a\u00e7\u00f5es que promovam o incremento da atividade tur\u00edstica na regi\u00e3o de Ouro Preto e &hellip;","og_url":"https:\/\/tremdavale.org\/pt\/contato\/faqfaq\/","og_site_name":"Trem da Vale","article_modified_time":"2025-10-10T11:57:00+00:00","twitter_card":"summary_large_image","twitter_misc":{"Tempo estimado de leitura":"7 minutos"},"schema":{"@context":"https:\/\/schema.org","@graph":[{"@type":"WebPage","@id":"https:\/\/tremdavale.org\/pt\/contato\/faqfaq\/","url":"https:\/\/tremdavale.org\/pt\/contato\/faqfaq\/","name":"FAQ &#8212; Trem da Vale","isPartOf":{"@id":"https:\/\/tremdavale.org\/pt\/#website"},"datePublished":"2025-01-18T18:56:05+00:00","dateModified":"2025-10-10T11:57:00+00:00","breadcrumb":{"@id":"https:\/\/tremdavale.org\/pt\/contato\/faqfaq\/#breadcrumb"},"inLanguage":"pt-PT","potentialAction":[{"@type":"ReadAction","target":["https:\/\/tremdavale.org\/pt\/contato\/faqfaq\/"]}]},{"@type":"BreadcrumbList","@id":"https:\/\/tremdavale.org\/pt\/contato\/faqfaq\/#breadcrumb","itemListElement":[{"@type":"ListItem","position":1,"name":"In\u00edcio","item":"https:\/\/tremdavale.org\/pt\/"},{"@type":"ListItem","position":2,"name":"Contato","item":"https:\/\/tremdavale.org\/pt\/contato\/"},{"@type":"ListItem","position":3,"name":"FAQ"}]},{"@type":"WebSite","@id":"https:\/\/tremdavale.org\/pt\/#website","url":"https:\/\/tremdavale.org\/pt\/","name":"Trem da Vale","description":"Programa de Educa\u00e7\u00e3o Patrimonial","potentialAction":[{"@type":"SearchAction","target":{"@type":"EntryPoint","urlTemplate":"https:\/\/tremdavale.org\/pt\/?s={search_term_string}"},"query-input":{"@type":"PropertyValueSpecification","valueRequired":true,"valueName":"search_term_string"}}],"inLanguage":"pt-PT"}]}},"_links":{"self":[{"href":"https:\/\/tremdavale.org\/pt\/wp-json\/wp\/v2\/pages\/10","targetHints":{"allow":["GET"]}}],"collection":[{"href":"https:\/\/tremdavale.org\/pt\/wp-json\/wp\/v2\/pages"}],"about":[{"href":"https:\/\/tremdavale.org\/pt\/wp-json\/wp\/v2\/types\/page"}],"author":[{"embeddable":true,"href":"https:\/\/tremdavale.org\/pt\/wp-json\/wp\/v2\/users\/1"}],"replies":[{"embeddable":true,"href":"https:\/\/tremdavale.org\/pt\/wp-json\/wp\/v2\/comments?post=10"}],"version-history":[{"count":0,"href":"https:\/\/tremdavale.org\/pt\/wp-json\/wp\/v2\/pages\/10\/revisions"}],"up":[{"embeddable":true,"href":"https:\/\/tremdavale.org\/pt\/wp-json\/wp\/v2\/pages\/3"}],"wp:attachment":[{"href":"https:\/\/tremdavale.org\/pt\/wp-json\/wp\/v2\/media?parent=10"}],"curies":[{"name":"wp","href":"https:\/\/api.w.org\/{rel}","templated":true}]}}