{"id":14,"date":"2010-03-24T02:18:00","date_gmt":"2010-03-24T02:18:00","guid":{"rendered":"https:\/\/tremdavale.org\/?page_id=14"},"modified":"2025-10-10T11:57:00","modified_gmt":"2025-10-10T11:57:00","slug":"trem-da-vale-recebe-premio-do-conselho-regional-de-biblioteconomia","status":"publish","type":"page","link":"https:\/\/tremdavale.org\/pt\/trem-da-vale-recebe-premio-do-conselho-regional-de-biblioteconomia\/","title":{"rendered":"Trem da Vale recebe Pr\u00eamio do Conselho Regional de Biblioteconomia"},"content":{"rendered":"<p>A Biblioteca Infanto-Juvenil de Mariana, situada na Esta\u00e7\u00e3o Ferrovi\u00e1ria do Trem da Vale, ser\u00e1 agraciada com a Medalha Etelvina Lima, do Conselho Regional de Biblioteconomia, como reconhecimento a sua atua\u00e7\u00e3o, no \u00e2mbito do estado de Minas Gerais, em prol da leitura e da Biblioteconomia.<!--more--><\/p>\n<p>O Pr\u00eamio \u00e9 concedido na categoria Pessoa F\u00edsica ou Jur\u00eddica do Setor Privado, e se destina a bibliotec\u00e1rios e institui\u00e7\u00f5es que se destacam na \u00e1rea de biblioteconomia.<\/p>\n<p>A Medalha ser\u00e1 entregue nesta sexta-feira, dia 12 de mar\u00e7o, data em que se comemora o dia do Bibliotec\u00e1rio, em solenidade a ser realizada \u00e0s 19h30, na C\u00e2mara dos Dirigentes Lojistas.<\/p>\n<p>Esse \u00e9 o segundo pr\u00eamio conquistado pela Biblioteca de Mariana pelos trabalhos realizados na comunidade. Em 2008, a Biblioteca foi vencedora do&nbsp; <em>Concurso Pontos de Leitura &#8211; Edi\u00e7\u00e3o Machado de Assis<\/em>, promovido pelo Minist\u00e9rio da Cultura, que contemplou a\u00e7\u00f5es de democratiza\u00e7\u00e3o do acesso ao livro e incentivo \u00e0 pr\u00e1tica da leitura. Como pr\u00eamio, a Biblioteca de Mariana recebeu um kit composto por 600 livros de fic\u00e7\u00e3o e obras de refer\u00eancia, e ainda mobili\u00e1rio e computadores, o que possibilitou a extens\u00e3o das atividades para Ouro Preto, com a cria\u00e7\u00e3o de uma nova Biblioteca.<\/p>\n<p>&nbsp;<\/p>\n","protected":false},"excerpt":{"rendered":"<p>A Biblioteca Infanto-Juvenil de Mariana, situada na Esta\u00e7\u00e3o Ferrovi\u00e1ria do Trem da Vale, ser\u00e1 agraciada com a Medalha Etelvina Lima, do Conselho Regional de Biblioteconomia, como reconhecimento a sua atua\u00e7\u00e3o, no \u00e2mbito do estado de Minas Gerais, em prol da leitura e da Biblioteconomia.<\/p>\n","protected":false},"author":1,"featured_media":0,"parent":0,"menu_order":0,"comment_status":"closed","ping_status":"closed","template":"","meta":{"footnotes":""},"class_list":["post-14","page","type-page","status-publish","hentry"],"yoast_head":"<!-- This site is optimized with the Yoast SEO plugin v26.1.1 - https:\/\/yoast.com\/wordpress\/plugins\/seo\/ -->\n<title>Trem da Vale recebe Pr\u00eamio do Conselho Regional de Biblioteconomia &#8212; Trem da Vale<\/title>\n<meta name=\"robots\" content=\"index, follow, max-snippet:-1, max-image-preview:large, max-video-preview:-1\" \/>\n<link rel=\"canonical\" href=\"https:\/\/tremdavale.org\/pt\/trem-da-vale-recebe-premio-do-conselho-regional-de-biblioteconomia\/\" \/>\n<meta property=\"og:locale\" content=\"pt_PT\" \/>\n<meta property=\"og:type\" content=\"article\" \/>\n<meta property=\"og:title\" content=\"Trem da Vale recebe Pr\u00eamio do Conselho Regional de Biblioteconomia &#8212; Trem da Vale\" \/>\n<meta property=\"og:description\" content=\"A Biblioteca Infanto-Juvenil de Mariana, situada na Esta\u00e7\u00e3o Ferrovi\u00e1ria do Trem da Vale, ser\u00e1 agraciada com a Medalha Etelvina Lima, do Conselho Regional de Biblioteconomia, como reconhecimento a sua atua\u00e7\u00e3o, no \u00e2mbito do estado de Minas Gerais, em prol da leitura e da Biblioteconomia.\" \/>\n<meta property=\"og:url\" content=\"https:\/\/tremdavale.org\/pt\/trem-da-vale-recebe-premio-do-conselho-regional-de-biblioteconomia\/\" \/>\n<meta property=\"og:site_name\" content=\"Trem da Vale\" \/>\n<meta property=\"article:modified_time\" content=\"2025-10-10T11:57:00+00:00\" \/>\n<meta name=\"twitter:card\" content=\"summary_large_image\" \/>\n<meta name=\"twitter:label1\" content=\"Tempo estimado de leitura\" \/>\n\t<meta name=\"twitter:data1\" content=\"1 minuto\" \/>\n<script type=\"application\/ld+json\" class=\"yoast-schema-graph\">{\"@context\":\"https:\/\/schema.org\",\"@graph\":[{\"@type\":\"WebPage\",\"@id\":\"https:\/\/tremdavale.org\/pt\/trem-da-vale-recebe-premio-do-conselho-regional-de-biblioteconomia\/\",\"url\":\"https:\/\/tremdavale.org\/pt\/trem-da-vale-recebe-premio-do-conselho-regional-de-biblioteconomia\/\",\"name\":\"Trem da Vale recebe Pr\u00eamio do Conselho Regional de Biblioteconomia &#8212; Trem da Vale\",\"isPartOf\":{\"@id\":\"https:\/\/tremdavale.org\/pt\/#website\"},\"datePublished\":\"2010-03-24T02:18:00+00:00\",\"dateModified\":\"2025-10-10T11:57:00+00:00\",\"breadcrumb\":{\"@id\":\"https:\/\/tremdavale.org\/pt\/trem-da-vale-recebe-premio-do-conselho-regional-de-biblioteconomia\/#breadcrumb\"},\"inLanguage\":\"pt-PT\",\"potentialAction\":[{\"@type\":\"ReadAction\",\"target\":[\"https:\/\/tremdavale.org\/pt\/trem-da-vale-recebe-premio-do-conselho-regional-de-biblioteconomia\/\"]}]},{\"@type\":\"BreadcrumbList\",\"@id\":\"https:\/\/tremdavale.org\/pt\/trem-da-vale-recebe-premio-do-conselho-regional-de-biblioteconomia\/#breadcrumb\",\"itemListElement\":[{\"@type\":\"ListItem\",\"position\":1,\"name\":\"In\u00edcio\",\"item\":\"https:\/\/tremdavale.org\/pt\/\"},{\"@type\":\"ListItem\",\"position\":2,\"name\":\"Trem da Vale recebe Pr\u00eamio do Conselho Regional de Biblioteconomia\"}]},{\"@type\":\"WebSite\",\"@id\":\"https:\/\/tremdavale.org\/pt\/#website\",\"url\":\"https:\/\/tremdavale.org\/pt\/\",\"name\":\"Trem da Vale\",\"description\":\"Programa de Educa\u00e7\u00e3o Patrimonial\",\"potentialAction\":[{\"@type\":\"SearchAction\",\"target\":{\"@type\":\"EntryPoint\",\"urlTemplate\":\"https:\/\/tremdavale.org\/pt\/?s={search_term_string}\"},\"query-input\":{\"@type\":\"PropertyValueSpecification\",\"valueRequired\":true,\"valueName\":\"search_term_string\"}}],\"inLanguage\":\"pt-PT\"}]}<\/script>\n<!-- \/ Yoast SEO plugin. -->","yoast_head_json":{"title":"Trem da Vale recebe Pr\u00eamio do Conselho Regional de Biblioteconomia &#8212; Trem da Vale","robots":{"index":"index","follow":"follow","max-snippet":"max-snippet:-1","max-image-preview":"max-image-preview:large","max-video-preview":"max-video-preview:-1"},"canonical":"https:\/\/tremdavale.org\/pt\/trem-da-vale-recebe-premio-do-conselho-regional-de-biblioteconomia\/","og_locale":"pt_PT","og_type":"article","og_title":"Trem da Vale recebe Pr\u00eamio do Conselho Regional de Biblioteconomia &#8212; Trem da Vale","og_description":"A Biblioteca Infanto-Juvenil de Mariana, situada na Esta\u00e7\u00e3o Ferrovi\u00e1ria do Trem da Vale, ser\u00e1 agraciada com a Medalha Etelvina Lima, do Conselho Regional de Biblioteconomia, como reconhecimento a sua atua\u00e7\u00e3o, no \u00e2mbito do estado de Minas Gerais, em prol da leitura e da Biblioteconomia.","og_url":"https:\/\/tremdavale.org\/pt\/trem-da-vale-recebe-premio-do-conselho-regional-de-biblioteconomia\/","og_site_name":"Trem da Vale","article_modified_time":"2025-10-10T11:57:00+00:00","twitter_card":"summary_large_image","twitter_misc":{"Tempo estimado de leitura":"1 minuto"},"schema":{"@context":"https:\/\/schema.org","@graph":[{"@type":"WebPage","@id":"https:\/\/tremdavale.org\/pt\/trem-da-vale-recebe-premio-do-conselho-regional-de-biblioteconomia\/","url":"https:\/\/tremdavale.org\/pt\/trem-da-vale-recebe-premio-do-conselho-regional-de-biblioteconomia\/","name":"Trem da Vale recebe Pr\u00eamio do Conselho Regional de Biblioteconomia &#8212; Trem da Vale","isPartOf":{"@id":"https:\/\/tremdavale.org\/pt\/#website"},"datePublished":"2010-03-24T02:18:00+00:00","dateModified":"2025-10-10T11:57:00+00:00","breadcrumb":{"@id":"https:\/\/tremdavale.org\/pt\/trem-da-vale-recebe-premio-do-conselho-regional-de-biblioteconomia\/#breadcrumb"},"inLanguage":"pt-PT","potentialAction":[{"@type":"ReadAction","target":["https:\/\/tremdavale.org\/pt\/trem-da-vale-recebe-premio-do-conselho-regional-de-biblioteconomia\/"]}]},{"@type":"BreadcrumbList","@id":"https:\/\/tremdavale.org\/pt\/trem-da-vale-recebe-premio-do-conselho-regional-de-biblioteconomia\/#breadcrumb","itemListElement":[{"@type":"ListItem","position":1,"name":"In\u00edcio","item":"https:\/\/tremdavale.org\/pt\/"},{"@type":"ListItem","position":2,"name":"Trem da Vale recebe Pr\u00eamio do Conselho Regional de Biblioteconomia"}]},{"@type":"WebSite","@id":"https:\/\/tremdavale.org\/pt\/#website","url":"https:\/\/tremdavale.org\/pt\/","name":"Trem da Vale","description":"Programa de Educa\u00e7\u00e3o Patrimonial","potentialAction":[{"@type":"SearchAction","target":{"@type":"EntryPoint","urlTemplate":"https:\/\/tremdavale.org\/pt\/?s={search_term_string}"},"query-input":{"@type":"PropertyValueSpecification","valueRequired":true,"valueName":"search_term_string"}}],"inLanguage":"pt-PT"}]}},"_links":{"self":[{"href":"https:\/\/tremdavale.org\/pt\/wp-json\/wp\/v2\/pages\/14","targetHints":{"allow":["GET"]}}],"collection":[{"href":"https:\/\/tremdavale.org\/pt\/wp-json\/wp\/v2\/pages"}],"about":[{"href":"https:\/\/tremdavale.org\/pt\/wp-json\/wp\/v2\/types\/page"}],"author":[{"embeddable":true,"href":"https:\/\/tremdavale.org\/pt\/wp-json\/wp\/v2\/users\/1"}],"replies":[{"embeddable":true,"href":"https:\/\/tremdavale.org\/pt\/wp-json\/wp\/v2\/comments?post=14"}],"version-history":[{"count":0,"href":"https:\/\/tremdavale.org\/pt\/wp-json\/wp\/v2\/pages\/14\/revisions"}],"wp:attachment":[{"href":"https:\/\/tremdavale.org\/pt\/wp-json\/wp\/v2\/media?parent=14"}],"curies":[{"name":"wp","href":"https:\/\/api.w.org\/{rel}","templated":true}]}}