{"id":15,"date":"2009-02-07T01:15:00","date_gmt":"2009-02-07T01:15:00","guid":{"rendered":"https:\/\/tremdavale.org\/?page_id=15"},"modified":"2025-10-10T11:57:00","modified_gmt":"2025-10-10T11:57:00","slug":"vale-conhecer","status":"publish","type":"page","link":"https:\/\/tremdavale.org\/pt\/educacao-patrimonial\/vale-conhecer\/","title":{"rendered":"Vale Conhecer"},"content":{"rendered":"<p style=\"text-align: justify;\"><span>Voltado para a forma\u00e7\u00e3o, ensino e aprendizagem dentro ou fora da escola, o Vale Conhecer abrange a Educa\u00e7\u00e3o Patrimonial para as comunidades de Ouro Preto e Mariana e para a Rede de Ensino dos dois munic\u00edpios, compreendendo a\u00e7\u00f5es educativas em diversas \u00e1reas.<\/span><\/p>\n<h2>Bibliotecas Infanto-Juvenis do Trem da Vale<\/h2>\n<p>&nbsp;<\/p>\n<dl class='item-wrapper'>\n<dt class='item-title' title='Mostrar as informa\u00e7\u00f5es' id='item-340'>Bibliotecas Infanto-Juvenis do Trem da Vale&nbsp;<span title=\"Mostrar as informa\u00e7\u00f5es\">[+]<\/span><\/dt>\n<dd>\n<p>&nbsp;<\/p>\n<h3>Biblioteca Infanto-Juvenil da Esta\u00e7\u00e3o de Mariana<\/h3>\n<p style=\"text-align: justify;\"><span>A Biblioteca Infanto-Juvenil da Esta\u00e7\u00e3o de Mariana tem por objetivo promover a\u00e7\u00f5es de \u201cEduca\u00e7\u00e3o Patrimonial\u201d, democratizando o acesso ao conhecimento, e sobretudo, aos bens culturais da regi\u00e3o. Para viabilizar estas a\u00e7\u00f5es, estimula a apropria\u00e7\u00e3o dos espa\u00e7os e do acervo pela comunidade, atrav\u00e9s de atividades integradas de incentivo \u00e0 leitura. Promove tamb\u00e9m a inclus\u00e3o digital, por meio do acesso aos computadores conectados \u00e0 Internet; possibilita a consulta para pesquisas escolares; e oferece oficinas, circuitos e outros eventos de est\u00edmulo \u00e0 leitura, \u00e0 interpreta\u00e7\u00e3o e \u00e0 express\u00e3o em suportes diversos.<\/span><\/p>\n<p style=\"text-align: justify;\"><span>Al\u00e9m dos livros e obras de refer\u00eancia, a Biblioteca conta tamb\u00e9m com peri\u00f3dicos e gibis, e ainda DVD\u2019s, v\u00eddeos e jogos. Periodicamente, a Biblioteca realiza atividades como mostras de filmes; campeonatos de xadrez, dama e quebra-cabe\u00e7a e conta\u00e7\u00e3o de hist\u00f3rias, potencializando o uso desses materiais.<\/span><\/p>\n<p style=\"text-align: justify;\"><span>As a\u00e7\u00f5es desenvolvidas pela Biblioteca Infanto-Juvenil de Mariana foram reconhecidas pelo Minist\u00e9rio da Cultura atrav\u00e9s do Pr\u00eamio Pontos de Leitura &#8211; Edi\u00e7\u00e3o Machado de Assis, distin\u00e7\u00e3o que demonstra a relev\u00e2ncia da Biblioteca da Esta\u00e7\u00e3o para a comunidade de Mariana, e reconhece as a\u00e7\u00f5es de democratiza\u00e7\u00e3o do acesso ao livro e de incentivo \u00e0 pr\u00e1tica da leitura desenvolvidas pelo Programa Trem da Vale.<\/span><\/p>\n<p style=\"text-align: justify;\">Os usu\u00e1rios da Biblioteca podem fazer a carteirinha para retirada de livro emprestado. O cadastro \u00e9 feito mediante apresenta\u00e7\u00e3o de foto 3\u00d74 e dos documentos de identidade, CPF e comprovante de resid\u00eancia atual. Para os menores de dezoito anos, ser\u00e1 necess\u00e1rio o comparecimento de um respons\u00e1vel e a apresenta\u00e7\u00e3o de documentos do mesmo.<\/p>\n<p>&nbsp;<\/p>\n<\/dd>\n<\/dl>\n<dl class='item-wrapper'>\n<dt class='item-title' title='Mostrar as informa\u00e7\u00f5es' id='item-717'>Biblioteca Infanto-Juvenil da Esta\u00e7\u00e3o de Ouro Preto&nbsp;<span title=\"Mostrar as informa\u00e7\u00f5es\">[+]<\/span><\/dt>\n<dd>\n<p>&nbsp;<\/p>\n<h3>Biblioteca Infanto-Juvenil da Esta\u00e7\u00e3o de Ouro Preto<\/h3>\n<p style=\"text-align: justify;\"><span>Com o intuito de promover a\u00e7\u00f5es educativas e de incentivo \u00e0 leitura direcionadas para a comunidade de Ouro Preto, foi criada em 2009 a Biblioteca Infanto-Juvenil da Esta\u00e7\u00e3o de Ouro Preto.<\/span><\/p>\n<p style=\"text-align: justify;\"><span>Al\u00e9m das atividades ligadas ao Plano de Incentivo \u00e0 Leitura, voltadas para as escolas p\u00fablicas da regi\u00e3o, a Biblioteca oferece seu espa\u00e7o aos moradores da cidade, que podem consultar livros, ler jornais e revistas, ter acesso \u00e0 internet e participar das atividades propostas.<\/span><\/p>\n<p style=\"text-align: justify;\"><span>O acervo da Biblioteca \u00e9 composto por obras de refer\u00eancia, de literatura e livros did\u00e1ticos. Al\u00e9m disso, est\u00e3o dispon\u00edveis jogos diversos e <span>DVDs de filmes nacionais e estrangeiros.<\/span><\/span><\/p>\n<p style=\"text-align: justify;\"><span><span>Os usu\u00e1rios da Biblioteca podem fazer a carteirinha para retirada de livro emprestado. O cadastro \u00e9 feito mediante apresenta\u00e7\u00e3o de foto 3\u00d74 e dos documentos de identidade, CPF e comprovante de resid\u00eancia atual. Para os menores de dezoito anos, ser\u00e1 necess\u00e1rio o comparecimento de um respons\u00e1vel e a apresenta\u00e7\u00e3o de documentos do mesmo.<\/span><\/span><\/p>\n<p>&nbsp;<\/p>\n<\/dd>\n<\/dl>\n<dl class='item-wrapper'>\n<dt class='item-title' title='Mostrar as informa\u00e7\u00f5es' id='item-3558'>Plano de Incentivo \u00e0 Leitura&nbsp;<span title=\"Mostrar as informa\u00e7\u00f5es\">[+]<\/span><\/dt>\n<dd>\n<p>&nbsp;<\/p>\n<h3>Plano de Incentivo \u00e0 Leitura<\/h3>\n<p style=\"text-align: justify;\"><span>As a\u00e7\u00f5es do Plano de Incentivo \u00e0 Leitura estimulam a apropria\u00e7\u00e3o do espa\u00e7o e do acervo das&nbsp;Bibliotecas da Esta\u00e7\u00e3o de Mariana e da Esta\u00e7\u00e3o de Ouro Preto pelo p\u00fablico das escolas da regi\u00e3o e pela comunidade.<\/span><\/p>\n<p style=\"text-align: justify;\"><span>Por meio do Plano de Incentivo \u00e0 Leitura, que compreende atividades culturais peri\u00f3dicas gratuitas, as Bibliotecas do Programa buscam tornar-se refer\u00eancia para as comunidades de Mariana e de Ouro Preto, como espa\u00e7o de cultura, lazer, educa\u00e7\u00e3o e informa\u00e7\u00e3o.<\/span><\/p>\n<p>&nbsp;<\/p>\n<p style=\"text-align: justify;\"><span>Os Circuitos de Leitura s\u00e3o atividades do Plano que trabalham a leitura em diversos suportes. Outras atividades s\u00e3o cineminha; oficinas de fuxico, colcha de retalhos, estandarte, dedoches; tangram; produ\u00e7\u00e3o e reciclagem de brinquedos; conta\u00e7\u00e3o de hist\u00f3rias; saraus e gincanas.<\/span><\/p>\n<p>&nbsp;<\/p>\n<\/dd>\n<\/dl>\n<p>&nbsp;<\/p>\n","protected":false},"excerpt":{"rendered":"<p>Voltado para a forma\u00e7\u00e3o, ensino e aprendizagem dentro ou fora da escola, o Vale Conhecer abrange a Educa\u00e7\u00e3o Patrimonial para as comunidades de Ouro Preto e Mariana e para a Rede de Ensino dos dois munic\u00edpios, compreendendo a\u00e7\u00f5es educativas em diversas \u00e1reas. Bibliotecas Infanto-Juvenis do Trem da Vale &nbsp; Bibliotecas &hellip;<\/p>\n","protected":false},"author":1,"featured_media":0,"parent":4,"menu_order":0,"comment_status":"closed","ping_status":"closed","template":"","meta":{"footnotes":""},"class_list":["post-15","page","type-page","status-publish","hentry"],"yoast_head":"<!-- This site is optimized with the Yoast SEO plugin v26.1.1 - https:\/\/yoast.com\/wordpress\/plugins\/seo\/ -->\n<title>Vale Conhecer &#8212; Trem da Vale<\/title>\n<meta name=\"robots\" content=\"index, follow, max-snippet:-1, max-image-preview:large, max-video-preview:-1\" \/>\n<link rel=\"canonical\" href=\"https:\/\/tremdavale.org\/pt\/educacao-patrimonial\/vale-conhecer\/\" \/>\n<meta property=\"og:locale\" content=\"pt_PT\" \/>\n<meta property=\"og:type\" content=\"article\" \/>\n<meta property=\"og:title\" content=\"Vale Conhecer &#8212; Trem da Vale\" \/>\n<meta property=\"og:description\" content=\"Voltado para a forma\u00e7\u00e3o, ensino e aprendizagem dentro ou fora da escola, o Vale Conhecer abrange a Educa\u00e7\u00e3o Patrimonial para as comunidades de Ouro Preto e Mariana e para a Rede de Ensino dos dois munic\u00edpios, compreendendo a\u00e7\u00f5es educativas em diversas \u00e1reas. Bibliotecas Infanto-Juvenis do Trem da Vale &nbsp; Bibliotecas &hellip;\" \/>\n<meta property=\"og:url\" content=\"https:\/\/tremdavale.org\/pt\/educacao-patrimonial\/vale-conhecer\/\" \/>\n<meta property=\"og:site_name\" content=\"Trem da Vale\" \/>\n<meta property=\"article:modified_time\" content=\"2025-10-10T11:57:00+00:00\" \/>\n<meta name=\"twitter:card\" content=\"summary_large_image\" \/>\n<meta name=\"twitter:label1\" content=\"Tempo estimado de leitura\" \/>\n\t<meta name=\"twitter:data1\" content=\"3 minutos\" \/>\n<script type=\"application\/ld+json\" class=\"yoast-schema-graph\">{\"@context\":\"https:\/\/schema.org\",\"@graph\":[{\"@type\":\"WebPage\",\"@id\":\"https:\/\/tremdavale.org\/pt\/educacao-patrimonial\/vale-conhecer\/\",\"url\":\"https:\/\/tremdavale.org\/pt\/educacao-patrimonial\/vale-conhecer\/\",\"name\":\"Vale Conhecer &#8212; Trem da Vale\",\"isPartOf\":{\"@id\":\"https:\/\/tremdavale.org\/pt\/#website\"},\"datePublished\":\"2009-02-07T01:15:00+00:00\",\"dateModified\":\"2025-10-10T11:57:00+00:00\",\"breadcrumb\":{\"@id\":\"https:\/\/tremdavale.org\/pt\/educacao-patrimonial\/vale-conhecer\/#breadcrumb\"},\"inLanguage\":\"pt-PT\",\"potentialAction\":[{\"@type\":\"ReadAction\",\"target\":[\"https:\/\/tremdavale.org\/pt\/educacao-patrimonial\/vale-conhecer\/\"]}]},{\"@type\":\"BreadcrumbList\",\"@id\":\"https:\/\/tremdavale.org\/pt\/educacao-patrimonial\/vale-conhecer\/#breadcrumb\",\"itemListElement\":[{\"@type\":\"ListItem\",\"position\":1,\"name\":\"In\u00edcio\",\"item\":\"https:\/\/tremdavale.org\/pt\/\"},{\"@type\":\"ListItem\",\"position\":2,\"name\":\"Educa\u00e7\u00e3o Patrimonial\",\"item\":\"https:\/\/tremdavale.org\/pt\/educacao-patrimonial\/\"},{\"@type\":\"ListItem\",\"position\":3,\"name\":\"Vale Conhecer\"}]},{\"@type\":\"WebSite\",\"@id\":\"https:\/\/tremdavale.org\/pt\/#website\",\"url\":\"https:\/\/tremdavale.org\/pt\/\",\"name\":\"Trem da Vale\",\"description\":\"Programa de Educa\u00e7\u00e3o Patrimonial\",\"potentialAction\":[{\"@type\":\"SearchAction\",\"target\":{\"@type\":\"EntryPoint\",\"urlTemplate\":\"https:\/\/tremdavale.org\/pt\/?s={search_term_string}\"},\"query-input\":{\"@type\":\"PropertyValueSpecification\",\"valueRequired\":true,\"valueName\":\"search_term_string\"}}],\"inLanguage\":\"pt-PT\"}]}<\/script>\n<!-- \/ Yoast SEO plugin. -->","yoast_head_json":{"title":"Vale Conhecer &#8212; Trem da Vale","robots":{"index":"index","follow":"follow","max-snippet":"max-snippet:-1","max-image-preview":"max-image-preview:large","max-video-preview":"max-video-preview:-1"},"canonical":"https:\/\/tremdavale.org\/pt\/educacao-patrimonial\/vale-conhecer\/","og_locale":"pt_PT","og_type":"article","og_title":"Vale Conhecer &#8212; Trem da Vale","og_description":"Voltado para a forma\u00e7\u00e3o, ensino e aprendizagem dentro ou fora da escola, o Vale Conhecer abrange a Educa\u00e7\u00e3o Patrimonial para as comunidades de Ouro Preto e Mariana e para a Rede de Ensino dos dois munic\u00edpios, compreendendo a\u00e7\u00f5es educativas em diversas \u00e1reas. Bibliotecas Infanto-Juvenis do Trem da Vale &nbsp; Bibliotecas &hellip;","og_url":"https:\/\/tremdavale.org\/pt\/educacao-patrimonial\/vale-conhecer\/","og_site_name":"Trem da Vale","article_modified_time":"2025-10-10T11:57:00+00:00","twitter_card":"summary_large_image","twitter_misc":{"Tempo estimado de leitura":"3 minutos"},"schema":{"@context":"https:\/\/schema.org","@graph":[{"@type":"WebPage","@id":"https:\/\/tremdavale.org\/pt\/educacao-patrimonial\/vale-conhecer\/","url":"https:\/\/tremdavale.org\/pt\/educacao-patrimonial\/vale-conhecer\/","name":"Vale Conhecer &#8212; Trem da Vale","isPartOf":{"@id":"https:\/\/tremdavale.org\/pt\/#website"},"datePublished":"2009-02-07T01:15:00+00:00","dateModified":"2025-10-10T11:57:00+00:00","breadcrumb":{"@id":"https:\/\/tremdavale.org\/pt\/educacao-patrimonial\/vale-conhecer\/#breadcrumb"},"inLanguage":"pt-PT","potentialAction":[{"@type":"ReadAction","target":["https:\/\/tremdavale.org\/pt\/educacao-patrimonial\/vale-conhecer\/"]}]},{"@type":"BreadcrumbList","@id":"https:\/\/tremdavale.org\/pt\/educacao-patrimonial\/vale-conhecer\/#breadcrumb","itemListElement":[{"@type":"ListItem","position":1,"name":"In\u00edcio","item":"https:\/\/tremdavale.org\/pt\/"},{"@type":"ListItem","position":2,"name":"Educa\u00e7\u00e3o Patrimonial","item":"https:\/\/tremdavale.org\/pt\/educacao-patrimonial\/"},{"@type":"ListItem","position":3,"name":"Vale Conhecer"}]},{"@type":"WebSite","@id":"https:\/\/tremdavale.org\/pt\/#website","url":"https:\/\/tremdavale.org\/pt\/","name":"Trem da Vale","description":"Programa de Educa\u00e7\u00e3o Patrimonial","potentialAction":[{"@type":"SearchAction","target":{"@type":"EntryPoint","urlTemplate":"https:\/\/tremdavale.org\/pt\/?s={search_term_string}"},"query-input":{"@type":"PropertyValueSpecification","valueRequired":true,"valueName":"search_term_string"}}],"inLanguage":"pt-PT"}]}},"_links":{"self":[{"href":"https:\/\/tremdavale.org\/pt\/wp-json\/wp\/v2\/pages\/15","targetHints":{"allow":["GET"]}}],"collection":[{"href":"https:\/\/tremdavale.org\/pt\/wp-json\/wp\/v2\/pages"}],"about":[{"href":"https:\/\/tremdavale.org\/pt\/wp-json\/wp\/v2\/types\/page"}],"author":[{"embeddable":true,"href":"https:\/\/tremdavale.org\/pt\/wp-json\/wp\/v2\/users\/1"}],"replies":[{"embeddable":true,"href":"https:\/\/tremdavale.org\/pt\/wp-json\/wp\/v2\/comments?post=15"}],"version-history":[{"count":0,"href":"https:\/\/tremdavale.org\/pt\/wp-json\/wp\/v2\/pages\/15\/revisions"}],"up":[{"embeddable":true,"href":"https:\/\/tremdavale.org\/pt\/wp-json\/wp\/v2\/pages\/4"}],"wp:attachment":[{"href":"https:\/\/tremdavale.org\/pt\/wp-json\/wp\/v2\/media?parent=15"}],"curies":[{"name":"wp","href":"https:\/\/api.w.org\/{rel}","templated":true}]}}