{"id":20,"date":"2009-02-07T01:13:00","date_gmt":"2009-02-07T01:13:00","guid":{"rendered":"https:\/\/tremdavale.org\/?page_id=20"},"modified":"2025-10-10T11:57:00","modified_gmt":"2025-10-10T11:57:00","slug":"estacao-passagem-de-mariana","status":"publish","type":"page","link":"https:\/\/tremdavale.org\/pt\/estacoes\/estacao-passagem-de-mariana\/","title":{"rendered":"Esta\u00e7\u00e3o Passagem de Mariana"},"content":{"rendered":"<p><img loading=\"lazy\" decoding=\"async\" title=\" \" alt=\" \" src=\"\/wp-content\/uploads\/gallery\/passagem-de-mariana\/thumbs\/thumbs_foto1.jpg\" width=\"100\" height=\"75\"><\/p>\n<p>&nbsp;<\/p>\n<p><img loading=\"lazy\" decoding=\"async\" title=\" \" alt=\" \" src=\"\/wp-content\/uploads\/gallery\/passagem-de-mariana\/thumbs\/thumbs_foto2.jpg\" width=\"100\" height=\"75\"><\/p>\n<p>&nbsp;<\/p>\n<p><img loading=\"lazy\" decoding=\"async\" title=\" \" alt=\" \" src=\"\/wp-content\/uploads\/gallery\/passagem-de-mariana\/thumbs\/thumbs_foto3.jpg\" width=\"100\" height=\"75\"><\/p>\n<p>&nbsp;<\/p>\n<p><img loading=\"lazy\" decoding=\"async\" title=\" \" alt=\" \" src=\"\/wp-content\/uploads\/gallery\/passagem-de-mariana\/thumbs\/thumbs_pmariana2.jpg\" width=\"100\" height=\"75\"><\/p>\n<p>&nbsp;<\/p>\n<p>A Esta\u00e7\u00e3o Passagem de Mariana foi inaugurada em 1914. Por ela chegavam os v\u00edveres, equipamentos e produtos necess\u00e1rios ao funcionamento da Mina de Passagem, uma das maiores e mais antigas minas de ouro de Minas Gerais.<\/p>\n<p>&nbsp;<\/p>\n<p style=\"text-align: justify;\">Agora, totalmente recuperada, a Esta\u00e7\u00e3o \u00e9 mais um dos elementos que comp\u00f5em a rica paisagem do eixo ferrovi\u00e1rio.<\/p>\n<p>&nbsp;<\/p>\n","protected":false},"excerpt":{"rendered":"<p>&nbsp; &nbsp; &nbsp; &nbsp; A Esta\u00e7\u00e3o Passagem de Mariana foi inaugurada em 1914. Por ela chegavam os v\u00edveres, equipamentos e produtos necess\u00e1rios ao funcionamento da Mina de Passagem, uma das maiores e mais antigas minas de ouro de Minas Gerais. &nbsp; Agora, totalmente recuperada, a Esta\u00e7\u00e3o \u00e9 mais um dos &hellip;<\/p>\n","protected":false},"author":1,"featured_media":0,"parent":5,"menu_order":0,"comment_status":"closed","ping_status":"closed","template":"","meta":{"footnotes":""},"class_list":["post-20","page","type-page","status-publish","hentry"],"yoast_head":"<!-- This site is optimized with the Yoast SEO plugin v26.1.1 - https:\/\/yoast.com\/wordpress\/plugins\/seo\/ -->\n<title>Esta\u00e7\u00e3o Passagem de Mariana &#8212; Trem da Vale<\/title>\n<meta name=\"robots\" content=\"index, follow, max-snippet:-1, max-image-preview:large, max-video-preview:-1\" \/>\n<link rel=\"canonical\" href=\"https:\/\/tremdavale.org\/pt\/estacoes\/estacao-passagem-de-mariana\/\" \/>\n<meta property=\"og:locale\" content=\"pt_PT\" \/>\n<meta property=\"og:type\" content=\"article\" \/>\n<meta property=\"og:title\" content=\"Esta\u00e7\u00e3o Passagem de Mariana &#8212; Trem da Vale\" \/>\n<meta property=\"og:description\" content=\"&nbsp; &nbsp; &nbsp; &nbsp; A Esta\u00e7\u00e3o Passagem de Mariana foi inaugurada em 1914. Por ela chegavam os v\u00edveres, equipamentos e produtos necess\u00e1rios ao funcionamento da Mina de Passagem, uma das maiores e mais antigas minas de ouro de Minas Gerais. &nbsp; Agora, totalmente recuperada, a Esta\u00e7\u00e3o \u00e9 mais um dos &hellip;\" \/>\n<meta property=\"og:url\" content=\"https:\/\/tremdavale.org\/pt\/estacoes\/estacao-passagem-de-mariana\/\" \/>\n<meta property=\"og:site_name\" content=\"Trem da Vale\" \/>\n<meta property=\"article:modified_time\" content=\"2025-10-10T11:57:00+00:00\" \/>\n<meta name=\"twitter:card\" content=\"summary_large_image\" \/>\n<script type=\"application\/ld+json\" class=\"yoast-schema-graph\">{\"@context\":\"https:\/\/schema.org\",\"@graph\":[{\"@type\":\"WebPage\",\"@id\":\"https:\/\/tremdavale.org\/pt\/estacoes\/estacao-passagem-de-mariana\/\",\"url\":\"https:\/\/tremdavale.org\/pt\/estacoes\/estacao-passagem-de-mariana\/\",\"name\":\"Esta\u00e7\u00e3o Passagem de Mariana &#8212; Trem da Vale\",\"isPartOf\":{\"@id\":\"https:\/\/tremdavale.org\/pt\/#website\"},\"datePublished\":\"2009-02-07T01:13:00+00:00\",\"dateModified\":\"2025-10-10T11:57:00+00:00\",\"breadcrumb\":{\"@id\":\"https:\/\/tremdavale.org\/pt\/estacoes\/estacao-passagem-de-mariana\/#breadcrumb\"},\"inLanguage\":\"pt-PT\",\"potentialAction\":[{\"@type\":\"ReadAction\",\"target\":[\"https:\/\/tremdavale.org\/pt\/estacoes\/estacao-passagem-de-mariana\/\"]}]},{\"@type\":\"BreadcrumbList\",\"@id\":\"https:\/\/tremdavale.org\/pt\/estacoes\/estacao-passagem-de-mariana\/#breadcrumb\",\"itemListElement\":[{\"@type\":\"ListItem\",\"position\":1,\"name\":\"In\u00edcio\",\"item\":\"https:\/\/tremdavale.org\/pt\/\"},{\"@type\":\"ListItem\",\"position\":2,\"name\":\"Esta\u00e7\u00f5es\",\"item\":\"https:\/\/tremdavale.org\/pt\/estacoes\/\"},{\"@type\":\"ListItem\",\"position\":3,\"name\":\"Esta\u00e7\u00e3o Passagem de Mariana\"}]},{\"@type\":\"WebSite\",\"@id\":\"https:\/\/tremdavale.org\/pt\/#website\",\"url\":\"https:\/\/tremdavale.org\/pt\/\",\"name\":\"Trem da Vale\",\"description\":\"Programa de Educa\u00e7\u00e3o Patrimonial\",\"potentialAction\":[{\"@type\":\"SearchAction\",\"target\":{\"@type\":\"EntryPoint\",\"urlTemplate\":\"https:\/\/tremdavale.org\/pt\/?s={search_term_string}\"},\"query-input\":{\"@type\":\"PropertyValueSpecification\",\"valueRequired\":true,\"valueName\":\"search_term_string\"}}],\"inLanguage\":\"pt-PT\"}]}<\/script>\n<!-- \/ Yoast SEO plugin. -->","yoast_head_json":{"title":"Esta\u00e7\u00e3o Passagem de Mariana &#8212; Trem da Vale","robots":{"index":"index","follow":"follow","max-snippet":"max-snippet:-1","max-image-preview":"max-image-preview:large","max-video-preview":"max-video-preview:-1"},"canonical":"https:\/\/tremdavale.org\/pt\/estacoes\/estacao-passagem-de-mariana\/","og_locale":"pt_PT","og_type":"article","og_title":"Esta\u00e7\u00e3o Passagem de Mariana &#8212; Trem da Vale","og_description":"&nbsp; &nbsp; &nbsp; &nbsp; A Esta\u00e7\u00e3o Passagem de Mariana foi inaugurada em 1914. Por ela chegavam os v\u00edveres, equipamentos e produtos necess\u00e1rios ao funcionamento da Mina de Passagem, uma das maiores e mais antigas minas de ouro de Minas Gerais. &nbsp; Agora, totalmente recuperada, a Esta\u00e7\u00e3o \u00e9 mais um dos &hellip;","og_url":"https:\/\/tremdavale.org\/pt\/estacoes\/estacao-passagem-de-mariana\/","og_site_name":"Trem da Vale","article_modified_time":"2025-10-10T11:57:00+00:00","twitter_card":"summary_large_image","schema":{"@context":"https:\/\/schema.org","@graph":[{"@type":"WebPage","@id":"https:\/\/tremdavale.org\/pt\/estacoes\/estacao-passagem-de-mariana\/","url":"https:\/\/tremdavale.org\/pt\/estacoes\/estacao-passagem-de-mariana\/","name":"Esta\u00e7\u00e3o Passagem de Mariana &#8212; Trem da Vale","isPartOf":{"@id":"https:\/\/tremdavale.org\/pt\/#website"},"datePublished":"2009-02-07T01:13:00+00:00","dateModified":"2025-10-10T11:57:00+00:00","breadcrumb":{"@id":"https:\/\/tremdavale.org\/pt\/estacoes\/estacao-passagem-de-mariana\/#breadcrumb"},"inLanguage":"pt-PT","potentialAction":[{"@type":"ReadAction","target":["https:\/\/tremdavale.org\/pt\/estacoes\/estacao-passagem-de-mariana\/"]}]},{"@type":"BreadcrumbList","@id":"https:\/\/tremdavale.org\/pt\/estacoes\/estacao-passagem-de-mariana\/#breadcrumb","itemListElement":[{"@type":"ListItem","position":1,"name":"In\u00edcio","item":"https:\/\/tremdavale.org\/pt\/"},{"@type":"ListItem","position":2,"name":"Esta\u00e7\u00f5es","item":"https:\/\/tremdavale.org\/pt\/estacoes\/"},{"@type":"ListItem","position":3,"name":"Esta\u00e7\u00e3o Passagem de Mariana"}]},{"@type":"WebSite","@id":"https:\/\/tremdavale.org\/pt\/#website","url":"https:\/\/tremdavale.org\/pt\/","name":"Trem da Vale","description":"Programa de Educa\u00e7\u00e3o Patrimonial","potentialAction":[{"@type":"SearchAction","target":{"@type":"EntryPoint","urlTemplate":"https:\/\/tremdavale.org\/pt\/?s={search_term_string}"},"query-input":{"@type":"PropertyValueSpecification","valueRequired":true,"valueName":"search_term_string"}}],"inLanguage":"pt-PT"}]}},"_links":{"self":[{"href":"https:\/\/tremdavale.org\/pt\/wp-json\/wp\/v2\/pages\/20","targetHints":{"allow":["GET"]}}],"collection":[{"href":"https:\/\/tremdavale.org\/pt\/wp-json\/wp\/v2\/pages"}],"about":[{"href":"https:\/\/tremdavale.org\/pt\/wp-json\/wp\/v2\/types\/page"}],"author":[{"embeddable":true,"href":"https:\/\/tremdavale.org\/pt\/wp-json\/wp\/v2\/users\/1"}],"replies":[{"embeddable":true,"href":"https:\/\/tremdavale.org\/pt\/wp-json\/wp\/v2\/comments?post=20"}],"version-history":[{"count":0,"href":"https:\/\/tremdavale.org\/pt\/wp-json\/wp\/v2\/pages\/20\/revisions"}],"up":[{"embeddable":true,"href":"https:\/\/tremdavale.org\/pt\/wp-json\/wp\/v2\/pages\/5"}],"wp:attachment":[{"href":"https:\/\/tremdavale.org\/pt\/wp-json\/wp\/v2\/media?parent=20"}],"curies":[{"name":"wp","href":"https:\/\/api.w.org\/{rel}","templated":true}]}}