{"id":27,"date":"2013-12-21T00:54:00","date_gmt":"2013-12-21T00:54:00","guid":{"rendered":"https:\/\/tremdavale.org\/?page_id=27"},"modified":"2025-10-10T11:57:00","modified_gmt":"2025-10-10T11:57:00","slug":"sobre-a-vale","status":"publish","type":"page","link":"https:\/\/tremdavale.org\/pt\/o-programa\/sobre-a-vale\/","title":{"rendered":"Sobre a Vale"},"content":{"rendered":"<p><span>A Vale investe em diversas iniciativas que contribuem com o desenvolvimento da nossa sociedade, pois<\/span> <span>acredita no potencial transformador da cultura e do conhecimento. Em todo o pa\u00eds, s\u00e3o patrocinados<\/span> <span>diversos projetos que valorizam as identidades das regi\u00f5es onde a empresa atua.<\/span><\/p>\n<p><span>Por acreditar nisso, o Programa de Educa\u00e7\u00e3o Patrimonial Trem da Vale \u00e9 um exemplo de iniciativa<\/span> <span>patrocinada pela Vale alinhada aos nossos objetivos e por ser capaz de trabalhar pela valoriza\u00e7\u00e3o,<\/span> <span>preserva\u00e7\u00e3o e divulga\u00e7\u00e3o de hist\u00f3rias, valores, express\u00f5es e costumes.<\/span><\/p>\n<p><span>Para conhecer mais sobre nossos patroc\u00ednios, acesse www.vale.com\/patrocinios.<\/span><\/p>\n<p>&nbsp;<\/p>\n","protected":false},"excerpt":{"rendered":"<p>A Vale investe em diversas iniciativas que contribuem com o desenvolvimento da nossa sociedade, pois acredita no potencial transformador da cultura e do conhecimento. Em todo o pa\u00eds, s\u00e3o patrocinados diversos projetos que valorizam as identidades das regi\u00f5es onde a empresa atua. Por acreditar nisso, o Programa de Educa\u00e7\u00e3o Patrimonial &hellip;<\/p>\n","protected":false},"author":1,"featured_media":0,"parent":8,"menu_order":0,"comment_status":"closed","ping_status":"closed","template":"","meta":{"footnotes":""},"class_list":["post-27","page","type-page","status-publish","hentry"],"yoast_head":"<!-- This site is optimized with the Yoast SEO plugin v26.1.1 - https:\/\/yoast.com\/wordpress\/plugins\/seo\/ -->\n<title>Sobre a Vale &#8212; Trem da Vale<\/title>\n<meta name=\"robots\" content=\"index, follow, max-snippet:-1, max-image-preview:large, max-video-preview:-1\" \/>\n<link rel=\"canonical\" href=\"https:\/\/tremdavale.org\/pt\/o-programa\/sobre-a-vale\/\" \/>\n<meta property=\"og:locale\" content=\"pt_PT\" \/>\n<meta property=\"og:type\" content=\"article\" \/>\n<meta property=\"og:title\" content=\"Sobre a Vale &#8212; Trem da Vale\" \/>\n<meta property=\"og:description\" content=\"A Vale investe em diversas iniciativas que contribuem com o desenvolvimento da nossa sociedade, pois acredita no potencial transformador da cultura e do conhecimento. Em todo o pa\u00eds, s\u00e3o patrocinados diversos projetos que valorizam as identidades das regi\u00f5es onde a empresa atua. Por acreditar nisso, o Programa de Educa\u00e7\u00e3o Patrimonial &hellip;\" \/>\n<meta property=\"og:url\" content=\"https:\/\/tremdavale.org\/pt\/o-programa\/sobre-a-vale\/\" \/>\n<meta property=\"og:site_name\" content=\"Trem da Vale\" \/>\n<meta property=\"article:modified_time\" content=\"2025-10-10T11:57:00+00:00\" \/>\n<meta name=\"twitter:card\" content=\"summary_large_image\" \/>\n<meta name=\"twitter:label1\" content=\"Tempo estimado de leitura\" \/>\n\t<meta name=\"twitter:data1\" content=\"1 minuto\" \/>\n<script type=\"application\/ld+json\" class=\"yoast-schema-graph\">{\"@context\":\"https:\/\/schema.org\",\"@graph\":[{\"@type\":\"WebPage\",\"@id\":\"https:\/\/tremdavale.org\/pt\/o-programa\/sobre-a-vale\/\",\"url\":\"https:\/\/tremdavale.org\/pt\/o-programa\/sobre-a-vale\/\",\"name\":\"Sobre a Vale &#8212; Trem da Vale\",\"isPartOf\":{\"@id\":\"https:\/\/tremdavale.org\/pt\/#website\"},\"datePublished\":\"2013-12-21T00:54:00+00:00\",\"dateModified\":\"2025-10-10T11:57:00+00:00\",\"breadcrumb\":{\"@id\":\"https:\/\/tremdavale.org\/pt\/o-programa\/sobre-a-vale\/#breadcrumb\"},\"inLanguage\":\"pt-PT\",\"potentialAction\":[{\"@type\":\"ReadAction\",\"target\":[\"https:\/\/tremdavale.org\/pt\/o-programa\/sobre-a-vale\/\"]}]},{\"@type\":\"BreadcrumbList\",\"@id\":\"https:\/\/tremdavale.org\/pt\/o-programa\/sobre-a-vale\/#breadcrumb\",\"itemListElement\":[{\"@type\":\"ListItem\",\"position\":1,\"name\":\"In\u00edcio\",\"item\":\"https:\/\/tremdavale.org\/pt\/\"},{\"@type\":\"ListItem\",\"position\":2,\"name\":\"O Programa\",\"item\":\"https:\/\/tremdavale.org\/pt\/o-programa\/\"},{\"@type\":\"ListItem\",\"position\":3,\"name\":\"Sobre a Vale\"}]},{\"@type\":\"WebSite\",\"@id\":\"https:\/\/tremdavale.org\/pt\/#website\",\"url\":\"https:\/\/tremdavale.org\/pt\/\",\"name\":\"Trem da Vale\",\"description\":\"Programa de Educa\u00e7\u00e3o Patrimonial\",\"potentialAction\":[{\"@type\":\"SearchAction\",\"target\":{\"@type\":\"EntryPoint\",\"urlTemplate\":\"https:\/\/tremdavale.org\/pt\/?s={search_term_string}\"},\"query-input\":{\"@type\":\"PropertyValueSpecification\",\"valueRequired\":true,\"valueName\":\"search_term_string\"}}],\"inLanguage\":\"pt-PT\"}]}<\/script>\n<!-- \/ Yoast SEO plugin. -->","yoast_head_json":{"title":"Sobre a Vale &#8212; Trem da Vale","robots":{"index":"index","follow":"follow","max-snippet":"max-snippet:-1","max-image-preview":"max-image-preview:large","max-video-preview":"max-video-preview:-1"},"canonical":"https:\/\/tremdavale.org\/pt\/o-programa\/sobre-a-vale\/","og_locale":"pt_PT","og_type":"article","og_title":"Sobre a Vale &#8212; Trem da Vale","og_description":"A Vale investe em diversas iniciativas que contribuem com o desenvolvimento da nossa sociedade, pois acredita no potencial transformador da cultura e do conhecimento. Em todo o pa\u00eds, s\u00e3o patrocinados diversos projetos que valorizam as identidades das regi\u00f5es onde a empresa atua. Por acreditar nisso, o Programa de Educa\u00e7\u00e3o Patrimonial &hellip;","og_url":"https:\/\/tremdavale.org\/pt\/o-programa\/sobre-a-vale\/","og_site_name":"Trem da Vale","article_modified_time":"2025-10-10T11:57:00+00:00","twitter_card":"summary_large_image","twitter_misc":{"Tempo estimado de leitura":"1 minuto"},"schema":{"@context":"https:\/\/schema.org","@graph":[{"@type":"WebPage","@id":"https:\/\/tremdavale.org\/pt\/o-programa\/sobre-a-vale\/","url":"https:\/\/tremdavale.org\/pt\/o-programa\/sobre-a-vale\/","name":"Sobre a Vale &#8212; Trem da Vale","isPartOf":{"@id":"https:\/\/tremdavale.org\/pt\/#website"},"datePublished":"2013-12-21T00:54:00+00:00","dateModified":"2025-10-10T11:57:00+00:00","breadcrumb":{"@id":"https:\/\/tremdavale.org\/pt\/o-programa\/sobre-a-vale\/#breadcrumb"},"inLanguage":"pt-PT","potentialAction":[{"@type":"ReadAction","target":["https:\/\/tremdavale.org\/pt\/o-programa\/sobre-a-vale\/"]}]},{"@type":"BreadcrumbList","@id":"https:\/\/tremdavale.org\/pt\/o-programa\/sobre-a-vale\/#breadcrumb","itemListElement":[{"@type":"ListItem","position":1,"name":"In\u00edcio","item":"https:\/\/tremdavale.org\/pt\/"},{"@type":"ListItem","position":2,"name":"O Programa","item":"https:\/\/tremdavale.org\/pt\/o-programa\/"},{"@type":"ListItem","position":3,"name":"Sobre a Vale"}]},{"@type":"WebSite","@id":"https:\/\/tremdavale.org\/pt\/#website","url":"https:\/\/tremdavale.org\/pt\/","name":"Trem da Vale","description":"Programa de Educa\u00e7\u00e3o Patrimonial","potentialAction":[{"@type":"SearchAction","target":{"@type":"EntryPoint","urlTemplate":"https:\/\/tremdavale.org\/pt\/?s={search_term_string}"},"query-input":{"@type":"PropertyValueSpecification","valueRequired":true,"valueName":"search_term_string"}}],"inLanguage":"pt-PT"}]}},"_links":{"self":[{"href":"https:\/\/tremdavale.org\/pt\/wp-json\/wp\/v2\/pages\/27","targetHints":{"allow":["GET"]}}],"collection":[{"href":"https:\/\/tremdavale.org\/pt\/wp-json\/wp\/v2\/pages"}],"about":[{"href":"https:\/\/tremdavale.org\/pt\/wp-json\/wp\/v2\/types\/page"}],"author":[{"embeddable":true,"href":"https:\/\/tremdavale.org\/pt\/wp-json\/wp\/v2\/users\/1"}],"replies":[{"embeddable":true,"href":"https:\/\/tremdavale.org\/pt\/wp-json\/wp\/v2\/comments?post=27"}],"version-history":[{"count":0,"href":"https:\/\/tremdavale.org\/pt\/wp-json\/wp\/v2\/pages\/27\/revisions"}],"up":[{"embeddable":true,"href":"https:\/\/tremdavale.org\/pt\/wp-json\/wp\/v2\/pages\/8"}],"wp:attachment":[{"href":"https:\/\/tremdavale.org\/pt\/wp-json\/wp\/v2\/media?parent=27"}],"curies":[{"name":"wp","href":"https:\/\/api.w.org\/{rel}","templated":true}]}}