{"id":5,"date":"2009-02-07T01:16:00","date_gmt":"2009-02-07T01:16:00","guid":{"rendered":"https:\/\/tremdavale.org\/?page_id=5"},"modified":"2025-10-10T11:57:00","modified_gmt":"2025-10-10T11:57:00","slug":"estacoes","status":"publish","type":"page","link":"https:\/\/tremdavale.org\/pt\/estacoes\/","title":{"rendered":"Esta\u00e7\u00f5es"},"content":{"rendered":"<p>S\u00e3o quatro as esta\u00e7\u00f5es que comp\u00f5em o trajeto do Trem Tur\u00edstico. Conhe\u00e7a-as:<\/p>\n<ul>\n<li><a href=\"\/pt\/estacoes\/estacao-ouro-preto\/\">Esta\u00e7\u00e3o de Ouro Preto<\/a><\/li>\n<li><a href=\"\/pt\/estacoes\/estacao-mariana\/\">Esta\u00e7\u00e3o de Mariana<br \/><\/a><\/li>\n<li><a href=\"\/pt\/estacoes\/estacao-vitorino-dias\/\">Esta\u00e7\u00e3o Vitorino Dias<br \/><\/a><\/li>\n<li><a href=\"\/pt\/estacoes\/estacao-passagem-de-mariana\/\">Esta\u00e7\u00e3o Passagem de Mariana\n<p>&nbsp;<\/p>\n<p><\/a><\/li>\n<\/ul>\n<p>&nbsp;<\/p>\n","protected":false},"excerpt":{"rendered":"<p>S\u00e3o quatro as esta\u00e7\u00f5es que comp\u00f5em o trajeto do Trem Tur\u00edstico. Conhe\u00e7a-as: Esta\u00e7\u00e3o de Ouro Preto Esta\u00e7\u00e3o de Mariana Esta\u00e7\u00e3o Vitorino Dias Esta\u00e7\u00e3o Passagem de Mariana &nbsp; &nbsp;<\/p>\n","protected":false},"author":1,"featured_media":0,"parent":0,"menu_order":0,"comment_status":"closed","ping_status":"closed","template":"","meta":{"footnotes":""},"class_list":["post-5","page","type-page","status-publish","hentry"],"yoast_head":"<!-- This site is optimized with the Yoast SEO plugin v26.1.1 - https:\/\/yoast.com\/wordpress\/plugins\/seo\/ -->\n<title>Esta\u00e7\u00f5es &#8212; Trem da Vale<\/title>\n<meta name=\"robots\" content=\"index, follow, max-snippet:-1, max-image-preview:large, max-video-preview:-1\" \/>\n<link rel=\"canonical\" href=\"https:\/\/tremdavale.org\/pt\/estacoes\/\" \/>\n<meta property=\"og:locale\" content=\"pt_PT\" \/>\n<meta property=\"og:type\" content=\"article\" \/>\n<meta property=\"og:title\" content=\"Esta\u00e7\u00f5es &#8212; Trem da Vale\" \/>\n<meta property=\"og:description\" content=\"S\u00e3o quatro as esta\u00e7\u00f5es que comp\u00f5em o trajeto do Trem Tur\u00edstico. Conhe\u00e7a-as: Esta\u00e7\u00e3o de Ouro Preto Esta\u00e7\u00e3o de Mariana Esta\u00e7\u00e3o Vitorino Dias Esta\u00e7\u00e3o Passagem de Mariana &nbsp; &nbsp;\" \/>\n<meta property=\"og:url\" content=\"https:\/\/tremdavale.org\/pt\/estacoes\/\" \/>\n<meta property=\"og:site_name\" content=\"Trem da Vale\" \/>\n<meta property=\"article:modified_time\" content=\"2025-10-10T11:57:00+00:00\" \/>\n<meta name=\"twitter:card\" content=\"summary_large_image\" \/>\n<script type=\"application\/ld+json\" class=\"yoast-schema-graph\">{\"@context\":\"https:\/\/schema.org\",\"@graph\":[{\"@type\":\"WebPage\",\"@id\":\"https:\/\/tremdavale.org\/pt\/estacoes\/\",\"url\":\"https:\/\/tremdavale.org\/pt\/estacoes\/\",\"name\":\"Esta\u00e7\u00f5es &#8212; Trem da Vale\",\"isPartOf\":{\"@id\":\"https:\/\/tremdavale.org\/pt\/#website\"},\"datePublished\":\"2009-02-07T01:16:00+00:00\",\"dateModified\":\"2025-10-10T11:57:00+00:00\",\"breadcrumb\":{\"@id\":\"https:\/\/tremdavale.org\/pt\/estacoes\/#breadcrumb\"},\"inLanguage\":\"pt-PT\",\"potentialAction\":[{\"@type\":\"ReadAction\",\"target\":[\"https:\/\/tremdavale.org\/pt\/estacoes\/\"]}]},{\"@type\":\"BreadcrumbList\",\"@id\":\"https:\/\/tremdavale.org\/pt\/estacoes\/#breadcrumb\",\"itemListElement\":[{\"@type\":\"ListItem\",\"position\":1,\"name\":\"In\u00edcio\",\"item\":\"https:\/\/tremdavale.org\/pt\/\"},{\"@type\":\"ListItem\",\"position\":2,\"name\":\"Esta\u00e7\u00f5es\"}]},{\"@type\":\"WebSite\",\"@id\":\"https:\/\/tremdavale.org\/pt\/#website\",\"url\":\"https:\/\/tremdavale.org\/pt\/\",\"name\":\"Trem da Vale\",\"description\":\"Programa de Educa\u00e7\u00e3o Patrimonial\",\"potentialAction\":[{\"@type\":\"SearchAction\",\"target\":{\"@type\":\"EntryPoint\",\"urlTemplate\":\"https:\/\/tremdavale.org\/pt\/?s={search_term_string}\"},\"query-input\":{\"@type\":\"PropertyValueSpecification\",\"valueRequired\":true,\"valueName\":\"search_term_string\"}}],\"inLanguage\":\"pt-PT\"}]}<\/script>\n<!-- \/ Yoast SEO plugin. -->","yoast_head_json":{"title":"Esta\u00e7\u00f5es &#8212; Trem da Vale","robots":{"index":"index","follow":"follow","max-snippet":"max-snippet:-1","max-image-preview":"max-image-preview:large","max-video-preview":"max-video-preview:-1"},"canonical":"https:\/\/tremdavale.org\/pt\/estacoes\/","og_locale":"pt_PT","og_type":"article","og_title":"Esta\u00e7\u00f5es &#8212; Trem da Vale","og_description":"S\u00e3o quatro as esta\u00e7\u00f5es que comp\u00f5em o trajeto do Trem Tur\u00edstico. Conhe\u00e7a-as: Esta\u00e7\u00e3o de Ouro Preto Esta\u00e7\u00e3o de Mariana Esta\u00e7\u00e3o Vitorino Dias Esta\u00e7\u00e3o Passagem de Mariana &nbsp; &nbsp;","og_url":"https:\/\/tremdavale.org\/pt\/estacoes\/","og_site_name":"Trem da Vale","article_modified_time":"2025-10-10T11:57:00+00:00","twitter_card":"summary_large_image","schema":{"@context":"https:\/\/schema.org","@graph":[{"@type":"WebPage","@id":"https:\/\/tremdavale.org\/pt\/estacoes\/","url":"https:\/\/tremdavale.org\/pt\/estacoes\/","name":"Esta\u00e7\u00f5es &#8212; Trem da Vale","isPartOf":{"@id":"https:\/\/tremdavale.org\/pt\/#website"},"datePublished":"2009-02-07T01:16:00+00:00","dateModified":"2025-10-10T11:57:00+00:00","breadcrumb":{"@id":"https:\/\/tremdavale.org\/pt\/estacoes\/#breadcrumb"},"inLanguage":"pt-PT","potentialAction":[{"@type":"ReadAction","target":["https:\/\/tremdavale.org\/pt\/estacoes\/"]}]},{"@type":"BreadcrumbList","@id":"https:\/\/tremdavale.org\/pt\/estacoes\/#breadcrumb","itemListElement":[{"@type":"ListItem","position":1,"name":"In\u00edcio","item":"https:\/\/tremdavale.org\/pt\/"},{"@type":"ListItem","position":2,"name":"Esta\u00e7\u00f5es"}]},{"@type":"WebSite","@id":"https:\/\/tremdavale.org\/pt\/#website","url":"https:\/\/tremdavale.org\/pt\/","name":"Trem da Vale","description":"Programa de Educa\u00e7\u00e3o Patrimonial","potentialAction":[{"@type":"SearchAction","target":{"@type":"EntryPoint","urlTemplate":"https:\/\/tremdavale.org\/pt\/?s={search_term_string}"},"query-input":{"@type":"PropertyValueSpecification","valueRequired":true,"valueName":"search_term_string"}}],"inLanguage":"pt-PT"}]}},"_links":{"self":[{"href":"https:\/\/tremdavale.org\/pt\/wp-json\/wp\/v2\/pages\/5","targetHints":{"allow":["GET"]}}],"collection":[{"href":"https:\/\/tremdavale.org\/pt\/wp-json\/wp\/v2\/pages"}],"about":[{"href":"https:\/\/tremdavale.org\/pt\/wp-json\/wp\/v2\/types\/page"}],"author":[{"embeddable":true,"href":"https:\/\/tremdavale.org\/pt\/wp-json\/wp\/v2\/users\/1"}],"replies":[{"embeddable":true,"href":"https:\/\/tremdavale.org\/pt\/wp-json\/wp\/v2\/comments?post=5"}],"version-history":[{"count":0,"href":"https:\/\/tremdavale.org\/pt\/wp-json\/wp\/v2\/pages\/5\/revisions"}],"wp:attachment":[{"href":"https:\/\/tremdavale.org\/pt\/wp-json\/wp\/v2\/media?parent=5"}],"curies":[{"name":"wp","href":"https:\/\/api.w.org\/{rel}","templated":true}]}}